{"id":92,"date":"2025-12-14T15:37:40","date_gmt":"2025-12-14T15:37:40","guid":{"rendered":"https:\/\/allinsider.de\/product\/50-250-stueck-einweg-wattestaebchen-fuer-jod-alkohol-zum-sterilisieren-von-wunden-asepsis-cotton-tragbares-medizinisches-outdoor-zubehoer\/"},"modified":"2026-04-01T23:48:53","modified_gmt":"2026-04-01T23:48:53","slug":"50-250-stueck-einweg-wattestaebchen-fuer-jod-alkohol-zum-sterilisieren-von-wunden-asepsis-cotton-tragbares-medizinisches-outdoor-zubehoer","status":"publish","type":"product","link":"https:\/\/allinsider.de\/en\/product\/50-250-stueck-einweg-wattestaebchen-fuer-jod-alkohol-zum-sterilisieren-von-wunden-asepsis-cotton-tragbares-medizinisches-outdoor-zubehoer\/","title":{"rendered":"50\/250 St\u00fcck Einweg-Wattest\u00e4bchen f\u00fcr Jod\/Alkohol, zum Sterilisieren von Wunden \u200b Asepsis Cotton Tragbares medizinisches Outdoor-Zubeh\u00f6r"},"content":{"rendered":"<div class=\"product-specs-list-container\">\n<ul class=\"product-specs-list util-clearfix\">\n<li class=\"product-prop line-limit-length\"><span class=\"property-title\">Hochbetriebenes Chemikalienunternehmen:&nbsp;<\/span><span class=\"property-desc line-limit-length\">Keine<\/span>\n                        <\/li>\n<li class=\"product-prop line-limit-length\"><span class=\"property-title\">Einschl ie\u00dflich medizinischer Ger\u00e4te:&nbsp;<\/span><span class=\"property-desc line-limit-length\">N<\/span>\n                        <\/li>\n<li class=\"product-prop line-limit-length\"><span class=\"property-title\">Ursprung:&nbsp;<\/span><span class=\"property-desc line-limit-length\">CN (Herkunft)<\/span>\n                        <\/li>\n<\/ul><\/div>\n<div class=\"detailmodule_html\">\n<div class=\"detail-desc-decorate-richtext\">\n<h2>Produktparameter<\/h2>\n<p>Produktparameter<\/p>\n<p>Produktname: Wattest\u00e4bchen aus Iodophor\/Alkohol<\/p>\n<p>Produktspezifikationen: 50 St\u00e4bchen\/Karton; 0,15 ml\/Stift<\/p>\n<p>Produktgr\u00f6\u00dfe: 8 cm<\/p>\n<p>Wirkstoffe und Gehalt: Der wirksame Jodgehalt dieses Produkts mit Armidone-Jod als Hauptwirkstoff des Desinfektionsmittels betr\u00e4gt 4\u20137 g\/L<\/p>\n<p>Kategorien zur Desinfektion von Mikroorganismen: Es kann Staphylococcus aureus, Pseudomonas aeruginosa und Candida albicans abt\u00f6ten<\/p>\n<p><\/p>\n<p><img decoding=\"async\" src=\"https:\/\/ae01.alicdn.com\/kf\/S4c13da5d13674699b591944a6d966885P.jpg\"><\/p>\n<p><img decoding=\"async\" src=\"https:\/\/ae01.alicdn.com\/kf\/A5019d769ad1a451488dd8c0ae9595f646.jpg\"><img decoding=\"async\" src=\"https:\/\/ae01.alicdn.com\/kf\/A5ed904c3eb2e4a689bfa8d35c7c9b80fp.jpg\"><img decoding=\"async\" src=\"https:\/\/ae01.alicdn.com\/kf\/Ad75fd78667104f999eb82141ece2230bK.jpg\"><img decoding=\"async\" src=\"https:\/\/ae01.alicdn.com\/kf\/Ab9ec43bf251d4a1bbe254c8e4dc15b53f.jpg\"><\/p>\n<p><img decoding=\"async\" src=\"https:\/\/ae01.alicdn.com\/kf\/S86f9d74f13544cbd92fcd9af4401dcd0U.jpg\"><img decoding=\"async\" src=\"https:\/\/ae01.alicdn.com\/kf\/S716b599ce205408ea14b96b3e4bb41396.jpg\"><\/p>\n<p><img decoding=\"async\" src=\"https:\/\/ae01.alicdn.com\/kf\/A5ec91c100293419a94a06bfe926021bak.jpg\"><img decoding=\"async\" src=\"https:\/\/ae01.alicdn.com\/kf\/Abb968d1bafa04399a600cb403dddb141k.jpg\"><img decoding=\"async\" src=\"https:\/\/ae01.alicdn.com\/kf\/A516a53229ddc44a1a930e6405306259cL.jpg\"><img decoding=\"async\" src=\"https:\/\/ae01.alicdn.com\/kf\/A1c7c2499803e4d4596223e641e1c9300i.jpg\"><\/p>\n<\/div>\n<\/div>","protected":false},"excerpt":{"rendered":"<p>Hochbetriebenes Chemikalienunternehmen:&nbsp;Keine Einschl ie\u00dflich medizinischer Ger\u00e4te:&nbsp;N Ursprung:&nbsp;CN (Herkunft) Produktparameter Produktparameter Produktname: Wattest\u00e4bchen aus Iodophor\/Alkohol Produktspezifikationen: 50 St\u00e4bchen\/Karton; 0,15 ml\/Stift Produktgr\u00f6\u00dfe: 8 cm Wirkstoffe und Gehalt: Der wirksame Jodgehalt dieses Produkts mit Armidone-Jod als Hauptwirkstoff des Desinfektionsmittels betr\u00e4gt 4\u20137 g\/L Kategorien zur Desinfektion von Mikroorganismen: Es kann Staphylococcus aureus, Pseudomonas aeruginosa und Candida albicans abt\u00f6ten<\/p>","protected":false},"featured_media":93,"comment_status":"open","ping_status":"closed","template":"","meta":[],"product_brand":[],"product_cat":[],"product_tag":[],"class_list":{"0":"post-92","1":"product","2":"type-product","3":"status-publish","4":"has-post-thumbnail","7":"first","8":"instock","9":"shipping-taxable","10":"purchasable","11":"product-type-variable"},"_links":{"self":[{"href":"https:\/\/allinsider.de\/en\/wp-json\/wp\/v2\/product\/92","targetHints":{"allow":["GET"]}}],"collection":[{"href":"https:\/\/allinsider.de\/en\/wp-json\/wp\/v2\/product"}],"about":[{"href":"https:\/\/allinsider.de\/en\/wp-json\/wp\/v2\/types\/product"}],"replies":[{"embeddable":true,"href":"https:\/\/allinsider.de\/en\/wp-json\/wp\/v2\/comments?post=92"}],"wp:featuredmedia":[{"embeddable":true,"href":"https:\/\/allinsider.de\/en\/wp-json\/wp\/v2\/media\/93"}],"wp:attachment":[{"href":"https:\/\/allinsider.de\/en\/wp-json\/wp\/v2\/media?parent=92"}],"wp:term":[{"taxonomy":"product_brand","embeddable":true,"href":"https:\/\/allinsider.de\/en\/wp-json\/wp\/v2\/product_brand?post=92"},{"taxonomy":"product_cat","embeddable":true,"href":"https:\/\/allinsider.de\/en\/wp-json\/wp\/v2\/product_cat?post=92"},{"taxonomy":"product_tag","embeddable":true,"href":"https:\/\/allinsider.de\/en\/wp-json\/wp\/v2\/product_tag?post=92"}],"curies":[{"name":"wp","href":"https:\/\/api.w.org\/{rel}","templated":true}]}}